{"id":1295,"date":"2021-03-11T15:18:07","date_gmt":"2021-03-11T15:18:07","guid":{"rendered":"https:\/\/cito.live-website.com\/?post_type=product&#038;p=1295"},"modified":"2024-08-13T15:13:52","modified_gmt":"2024-08-13T15:13:52","slug":"bbq-chicken-pizza","status":"publish","type":"product","link":"https:\/\/cito-restaurant.de\/en\/shop\/bbq-chicken-pizza\/","title":{"rendered":"BBQ Chicken Pizza"},"content":{"rendered":"","protected":false},"excerpt":{"rendered":"<p>Pizzateig, Rote Zwiebeln, BBQ H\u00e4hnchenbrust, w\u00fcrzige Tomatenso\u00dfe, Mozzarella <br \/>\n<span style=\"color: #ff6600;\">Pizza dough, red onions, BBQ chicken breast, relish tomato sauce, mozzarella<\/span><\/p>","protected":false},"featured_media":1344,"template":"","meta":[],"product_brand":[],"product_cat":[66],"product_tag":[],"class_list":{"0":"post-1295","1":"product","2":"type-product","3":"status-publish","4":"has-post-thumbnail","6":"product_cat-pizza","8":"first","9":"instock","10":"shipping-taxable","11":"purchasable","12":"product-type-simple"},"_links":{"self":[{"href":"https:\/\/cito-restaurant.de\/en\/wp-json\/wp\/v2\/product\/1295","targetHints":{"allow":["GET"]}}],"collection":[{"href":"https:\/\/cito-restaurant.de\/en\/wp-json\/wp\/v2\/product"}],"about":[{"href":"https:\/\/cito-restaurant.de\/en\/wp-json\/wp\/v2\/types\/product"}],"wp:featuredmedia":[{"embeddable":true,"href":"https:\/\/cito-restaurant.de\/en\/wp-json\/wp\/v2\/media\/1344"}],"wp:attachment":[{"href":"https:\/\/cito-restaurant.de\/en\/wp-json\/wp\/v2\/media?parent=1295"}],"wp:term":[{"taxonomy":"product_brand","embeddable":true,"href":"https:\/\/cito-restaurant.de\/en\/wp-json\/wp\/v2\/product_brand?post=1295"},{"taxonomy":"product_cat","embeddable":true,"href":"https:\/\/cito-restaurant.de\/en\/wp-json\/wp\/v2\/product_cat?post=1295"},{"taxonomy":"product_tag","embeddable":true,"href":"https:\/\/cito-restaurant.de\/en\/wp-json\/wp\/v2\/product_tag?post=1295"}],"curies":[{"name":"wp","href":"https:\/\/api.w.org\/{rel}","templated":true}]}}