{"id":1293,"date":"2021-03-11T15:14:59","date_gmt":"2021-03-11T15:14:59","guid":{"rendered":"https:\/\/cito.live-website.com\/?post_type=product&#038;p=1293"},"modified":"2024-08-13T15:14:09","modified_gmt":"2024-08-13T15:14:09","slug":"new-york-cheese-pizza","status":"publish","type":"product","link":"https:\/\/cito-restaurant.de\/en\/shop\/new-york-cheese-pizza\/","title":{"rendered":"New York Cheese Pizza"},"content":{"rendered":"","protected":false},"excerpt":{"rendered":"<p>Pizzateig, w\u00fcrzige Tomatenso\u00dfe, Mozzarella &amp; Parmesan K\u00e4se <br \/>\n<span style=\"color: #ff6600;\">Pizza dough, relish tomato sauce, mozzarella &amp; parmesan cheese<\/span><\/p>","protected":false},"featured_media":1364,"template":"","meta":[],"product_brand":[],"product_cat":[66],"product_tag":[],"class_list":{"0":"post-1293","1":"product","2":"type-product","3":"status-publish","4":"has-post-thumbnail","6":"product_cat-pizza","8":"first","9":"instock","10":"shipping-taxable","11":"purchasable","12":"product-type-simple"},"_links":{"self":[{"href":"https:\/\/cito-restaurant.de\/en\/wp-json\/wp\/v2\/product\/1293","targetHints":{"allow":["GET"]}}],"collection":[{"href":"https:\/\/cito-restaurant.de\/en\/wp-json\/wp\/v2\/product"}],"about":[{"href":"https:\/\/cito-restaurant.de\/en\/wp-json\/wp\/v2\/types\/product"}],"wp:featuredmedia":[{"embeddable":true,"href":"https:\/\/cito-restaurant.de\/en\/wp-json\/wp\/v2\/media\/1364"}],"wp:attachment":[{"href":"https:\/\/cito-restaurant.de\/en\/wp-json\/wp\/v2\/media?parent=1293"}],"wp:term":[{"taxonomy":"product_brand","embeddable":true,"href":"https:\/\/cito-restaurant.de\/en\/wp-json\/wp\/v2\/product_brand?post=1293"},{"taxonomy":"product_cat","embeddable":true,"href":"https:\/\/cito-restaurant.de\/en\/wp-json\/wp\/v2\/product_cat?post=1293"},{"taxonomy":"product_tag","embeddable":true,"href":"https:\/\/cito-restaurant.de\/en\/wp-json\/wp\/v2\/product_tag?post=1293"}],"curies":[{"name":"wp","href":"https:\/\/api.w.org\/{rel}","templated":true}]}}